{"id":30,"date":"2014-11-02T14:33:26","date_gmt":"2014-11-02T13:33:26","guid":{"rendered":"http:\/\/www.fotojutta.at\/?page_id=30"},"modified":"2014-11-06T15:28:59","modified_gmt":"2014-11-06T14:28:59","slug":"leistungen","status":"publish","type":"page","link":"http:\/\/www.fotojutta.at\/?page_id=30","title":{"rendered":"Meine Angebote"},"content":{"rendered":"<p>Sie wollen sich fotografieren lassen? Sie ben\u00f6tigen ein sch\u00f6nes Bild f\u00fcr ein Geschenk?<\/p>\n<p><strong>Meine Angebote: <\/strong><\/p>\n<p>Hochzeitsfotos, Portr\u00e4tfotos und viel mehr<br \/>\nPortr\u00e4tfotos, Familien- und Kinderfotos, Partnerfotos sowie Pass- und Bewerbungsfotos<br \/>\nHochzeiten<br \/>\nTaufen<br \/>\nGruppen<br \/>\nVeranstaltungen<br \/>\nSchul- und Kindergartenfotografie<br \/>\nFotob\u00fccher<br \/>\nKreative Kunst Kalender<br \/>\nSie haben schon eine ungef\u00e4hre Vorstellung, wie Ihr Foto aussehen sollte? Wir fotografieren Sie und Ihre Lieben ganz nach Wunsch puristisch, l\u00e4ssig, ausgefallen, extravagant oder ganz unkonventionell. Werfen Sie einen Blick in die Fotogalerie f\u00fcr einen Vorgeschmack!<\/p>\n<p><strong>Wir freuen uns auf Ihre Anfrage \u2013 und ganz besonders auf Sie!<\/strong><\/p>\n","protected":false},"excerpt":{"rendered":"<p>Sie wollen sich fotografieren lassen? Sie ben\u00f6tigen ein sch\u00f6nes Bild f\u00fcr ein Geschenk? Meine Angebote: Hochzeitsfotos, Portr\u00e4tfotos und viel mehr Portr\u00e4tfotos, Familien- und Kinderfotos, Partnerfotos sowie Pass- und Bewerbungsfotos Hochzeiten Taufen Gruppen Veranstaltungen Schul- und Kindergartenfotografie Fotob\u00fccher Kreative Kunst Kalender Sie haben schon eine ungef\u00e4hre Vorstellung, wie Ihr Foto aussehen sollte? Wir fotografieren Sie und [&hellip;]<\/p>\n","protected":false},"author":1,"featured_media":0,"parent":0,"menu_order":0,"comment_status":"closed","ping_status":"closed","template":"","meta":[],"_links":{"self":[{"href":"http:\/\/www.fotojutta.at\/index.php?rest_route=\/wp\/v2\/pages\/30"}],"collection":[{"href":"http:\/\/www.fotojutta.at\/index.php?rest_route=\/wp\/v2\/pages"}],"about":[{"href":"http:\/\/www.fotojutta.at\/index.php?rest_route=\/wp\/v2\/types\/page"}],"author":[{"embeddable":true,"href":"http:\/\/www.fotojutta.at\/index.php?rest_route=\/wp\/v2\/users\/1"}],"replies":[{"embeddable":true,"href":"http:\/\/www.fotojutta.at\/index.php?rest_route=%2Fwp%2Fv2%2Fcomments&post=30"}],"version-history":[{"count":7,"href":"http:\/\/www.fotojutta.at\/index.php?rest_route=\/wp\/v2\/pages\/30\/revisions"}],"predecessor-version":[{"id":128,"href":"http:\/\/www.fotojutta.at\/index.php?rest_route=\/wp\/v2\/pages\/30\/revisions\/128"}],"wp:attachment":[{"href":"http:\/\/www.fotojutta.at\/index.php?rest_route=%2Fwp%2Fv2%2Fmedia&parent=30"}],"curies":[{"name":"wp","href":"https:\/\/api.w.org\/{rel}","templated":true}]}}